{"id":9,"date":"2023-02-07T07:18:33","date_gmt":"2023-02-07T07:18:33","guid":{"rendered":"http:\/\/template.evoula.nbcdemo.com\/?page_id=9"},"modified":"2024-04-03T07:14:36","modified_gmt":"2024-04-03T07:14:36","slug":"startsida","status":"publish","type":"page","link":"https:\/\/cookieplay.eu\/sv\/","title":{"rendered":"COOKIEPLAY.EU"},"content":{"rendered":"\n<div class=\"wp-block-cover alignfull\" style=\"min-height:761px;aspect-ratio:unset;\"><span aria-hidden=\"true\" class=\"wp-block-cover__background has-nv-dark-bg-background-color has-background-dim\"><\/span><img loading=\"lazy\" decoding=\"async\" width=\"1024\" height=\"1024\" class=\"wp-block-cover__image-background wp-image-58\" alt=\"halo mario och andra spelkarakt\u00e4rer\" src=\"https:\/\/cookieplay.eu\/wp-content\/uploads\/2024\/04\/76ff9477-9a26-4caa-a0d4-334730096252.jpeg\" style=\"object-position:52% 0%\" data-object-fit=\"cover\" data-object-position=\"52% 0%\" srcset=\"https:\/\/cookieplay.eu\/wp-content\/uploads\/2024\/04\/76ff9477-9a26-4caa-a0d4-334730096252.jpeg 1024w, https:\/\/cookieplay.eu\/wp-content\/uploads\/2024\/04\/76ff9477-9a26-4caa-a0d4-334730096252-300x300.jpeg 300w, https:\/\/cookieplay.eu\/wp-content\/uploads\/2024\/04\/76ff9477-9a26-4caa-a0d4-334730096252-150x150.jpeg 150w, https:\/\/cookieplay.eu\/wp-content\/uploads\/2024\/04\/76ff9477-9a26-4caa-a0d4-334730096252-768x768.jpeg 768w\" sizes=\"auto, (max-width: 1024px) 100vw, 1024px\" \/><div class=\"wp-block-cover__inner-container is-layout-constrained wp-block-cover-is-layout-constrained\">\n<h2 class=\"wp-block-heading has-text-align-center has-nv-text-dark-bg-color has-text-color has-link-color has-large-font-size wp-elements-e9e89f3d5195f2d31d6a3ad38a9b2ab6\">H\u00c4R B\u00d6RJAR DET STORA \u00c4VENTYRET!<\/h2>\n\n\n\n<p class=\"has-text-align-center has-nv-light-bg-color has-text-color has-link-color wp-elements-ca7a3d86a95b556d51229a2bb4829447\"><em>F\u00f6lj med p\u00e5 en resa genom internets kakor<\/em><\/p>\n<\/div><\/div>\n\n\n\n<div style=\"height:50px\" aria-hidden=\"true\" class=\"wp-block-spacer\"><\/div>\n\n\n\n<h2 class=\"wp-block-heading has-text-align-center\">VI \u00c4LSKAR COOKIES<\/h2>\n\n\n\n<p class=\"has-text-align-center\">V\u00e4lkommen till cookieplay! Hos oss kan du utforska en sp\u00e4nnande mix av cookies, bordspel och onlinespel. Oavsett om du \u00e4r en erfaren spelare eller nyb\u00f6rjare, har vi n\u00e5got f\u00f6r dig. <\/p>\n\n\n\n<div class=\"wp-block-columns alignwide is-layout-flex wp-container-core-columns-is-layout-9d6595d7 wp-block-columns-is-layout-flex\">\n<div class=\"wp-block-column is-layout-flow wp-block-column-is-layout-flow\" style=\"flex-basis:1200px\">\n<div class=\"wp-block-columns is-layout-flex wp-container-core-columns-is-layout-9d6595d7 wp-block-columns-is-layout-flex\">\n<div class=\"wp-block-column is-layout-flow wp-block-column-is-layout-flow\">\n<figure class=\"wp-block-image size-full\"><img loading=\"lazy\" decoding=\"async\" width=\"1024\" height=\"1024\" src=\"https:\/\/cookieplay.eu\/wp-content\/uploads\/2024\/04\/6140fade-9193-4585-9e4c-8ac3102c6617.jpeg\" alt=\"spelkarakt\u00e4rer\" class=\"wp-image-67\" srcset=\"https:\/\/cookieplay.eu\/wp-content\/uploads\/2024\/04\/6140fade-9193-4585-9e4c-8ac3102c6617.jpeg 1024w, https:\/\/cookieplay.eu\/wp-content\/uploads\/2024\/04\/6140fade-9193-4585-9e4c-8ac3102c6617-300x300.jpeg 300w, https:\/\/cookieplay.eu\/wp-content\/uploads\/2024\/04\/6140fade-9193-4585-9e4c-8ac3102c6617-150x150.jpeg 150w, https:\/\/cookieplay.eu\/wp-content\/uploads\/2024\/04\/6140fade-9193-4585-9e4c-8ac3102c6617-768x768.jpeg 768w\" sizes=\"auto, (max-width: 1024px) 100vw, 1024px\" \/><\/figure>\n\n\n\n<h3 class=\"wp-block-heading\">V\u00e5r v\u00e4rld av spel<\/h3>\n\n\n\n<p>Utforska v\u00e5rt brett utbud av spel, fr\u00e5n klassiska bordspel till de senaste nyheterna inom gamingv\u00e4rlden.<\/p>\n\n\n\n<div class=\"wp-block-buttons is-layout-flex wp-block-buttons-is-layout-flex\">\n<div class=\"wp-block-button is-style-primary\"><a class=\"wp-block-button__link has-nv-c-1-background-color has-background wp-element-button\" href=\"https:\/\/cookieplay.eu\/sv\/category\/spel\/\">L\u00e4s mer om spel<\/a><\/div>\n<\/div>\n\n\n\n<div style=\"height:30px\" aria-hidden=\"true\" class=\"wp-block-spacer\"><\/div>\n<\/div>\n\n\n\n<div class=\"wp-block-column is-layout-flow wp-block-column-is-layout-flow\">\n<figure class=\"wp-block-image size-full\"><img loading=\"lazy\" decoding=\"async\" width=\"1024\" height=\"1024\" src=\"https:\/\/cookieplay.eu\/wp-content\/uploads\/2024\/04\/f3a7d888-2b6b-42a6-af03-42e56596827b.jpeg\" alt=\"ett digitalt universum\" class=\"wp-image-71\" srcset=\"https:\/\/cookieplay.eu\/wp-content\/uploads\/2024\/04\/f3a7d888-2b6b-42a6-af03-42e56596827b.jpeg 1024w, https:\/\/cookieplay.eu\/wp-content\/uploads\/2024\/04\/f3a7d888-2b6b-42a6-af03-42e56596827b-300x300.jpeg 300w, https:\/\/cookieplay.eu\/wp-content\/uploads\/2024\/04\/f3a7d888-2b6b-42a6-af03-42e56596827b-150x150.jpeg 150w, https:\/\/cookieplay.eu\/wp-content\/uploads\/2024\/04\/f3a7d888-2b6b-42a6-af03-42e56596827b-768x768.jpeg 768w\" sizes=\"auto, (max-width: 1024px) 100vw, 1024px\" \/><\/figure>\n\n\n\n<h3 class=\"wp-block-heading\">Det digitala universumet<\/h3>\n\n\n\n<p>Utforska det digitala universumet och l\u00e5t dig inspireras av de senaste trenderna och innovationerna. <\/p>\n\n\n\n<div class=\"wp-block-buttons is-layout-flex wp-block-buttons-is-layout-flex\">\n<div class=\"wp-block-button is-style-primary\"><a class=\"wp-block-button__link has-nv-c-1-background-color has-background wp-element-button\">L\u00e4s om internet &amp; annat skoj<\/a><\/div>\n<\/div>\n\n\n\n<div style=\"height:30px\" aria-hidden=\"true\" class=\"wp-block-spacer\"><\/div>\n<\/div>\n\n\n\n<div class=\"wp-block-column is-layout-flow wp-block-column-is-layout-flow\">\n<figure class=\"wp-block-image size-full\"><img loading=\"lazy\" decoding=\"async\" width=\"1024\" height=\"1024\" src=\"https:\/\/cookieplay.eu\/wp-content\/uploads\/2024\/04\/d61357dd-277d-4c2e-b4b5-bc71c5a1b070.jpeg\" alt=\"cookies\" class=\"wp-image-75\" srcset=\"https:\/\/cookieplay.eu\/wp-content\/uploads\/2024\/04\/d61357dd-277d-4c2e-b4b5-bc71c5a1b070.jpeg 1024w, https:\/\/cookieplay.eu\/wp-content\/uploads\/2024\/04\/d61357dd-277d-4c2e-b4b5-bc71c5a1b070-300x300.jpeg 300w, https:\/\/cookieplay.eu\/wp-content\/uploads\/2024\/04\/d61357dd-277d-4c2e-b4b5-bc71c5a1b070-150x150.jpeg 150w, https:\/\/cookieplay.eu\/wp-content\/uploads\/2024\/04\/d61357dd-277d-4c2e-b4b5-bc71c5a1b070-768x768.jpeg 768w\" sizes=\"auto, (max-width: 1024px) 100vw, 1024px\" \/><\/figure>\n\n\n\n<h3 class=\"wp-block-heading\">Cookies<\/h3>\n\n\n\n<p>En s\u00f6t och smakfull v\u00e4rld v\u00e4ntar dig! H\u00e4r hittar du allt du beh\u00f6ver veta om cookies och deras roll p\u00e5 internet. <\/p>\n\n\n\n<div class=\"wp-block-buttons is-layout-flex wp-block-buttons-is-layout-flex\">\n<div class=\"wp-block-button is-style-primary\"><a class=\"wp-block-button__link has-nv-c-1-background-color has-background wp-element-button\" href=\"https:\/\/cookieplay.eu\/sv\/web-cookies\/\">L\u00e4s om cookies<\/a><\/div>\n<\/div>\n\n\n\n<div style=\"height:30px\" aria-hidden=\"true\" class=\"wp-block-spacer\"><\/div>\n<\/div>\n<\/div>\n<\/div>\n<\/div>\n\n\n\n<h2 class=\"wp-block-heading has-text-align-center\">VARF\u00d6R VI \u00c4LSKAR INTERNET<\/h2>\n\n\n\n<p class=\"has-text-align-center\">Vi \u00e4lskar internet f\u00f6r dess omfattande och o\u00e4ndliga m\u00f6jligheter. Det ger oss tillg\u00e5ng till en v\u00e4rld av kunskap, d\u00e4r vi kan l\u00e4ra oss om allt fr\u00e5n historia till vetenskap p\u00e5 ett \u00f6gonblick. Internet f\u00f6rb\u00e4ttrar v\u00e5ra relationer genom att l\u00e5ta oss kommunicera med v\u00e4nner och familj \u00f6ver hela v\u00e4rlden med l\u00e4tthet. Dess sociala plattformar ger oss m\u00f6jlighet att dela tankar, id\u00e9er och erfarenheter. Internet \u00e4r ocks\u00e5 en k\u00e4lla till underh\u00e5llning, med allt fr\u00e5n spel och filmer till musik och b\u00f6cker tillg\u00e4ngliga p\u00e5 v\u00e5ra fingertoppar. Dessutom \u00e4r internet en viktig resurs f\u00f6r arbete och aff\u00e4rer, vilket m\u00f6jligg\u00f6r flexibilitet och innovation i dagens globala ekonomi. Vi \u00e4lskar internet f\u00f6r dess f\u00f6rm\u00e5ga att f\u00f6r\u00e4ndra och f\u00f6rb\u00e4ttra v\u00e5ra liv p\u00e5 s\u00e5 m\u00e5nga s\u00e4tt och f\u00f6r dess potential att forts\u00e4tta g\u00f6ra det i framtiden.<\/p>\n\n\n\n<h2 class=\"wp-block-heading has-text-align-center\">VARF\u00d6R VI \u00c4LSKAR SPEL<\/h2>\n\n\n\n<p class=\"has-text-align-center\">Vi \u00e4lskar spel av m\u00e5nga anledningar. F\u00f6r det f\u00f6rsta erbjuder de en sp\u00e4nnande och rolig form av underh\u00e5llning som l\u00e5ter oss fly vardagens stress och bekymmer. Spel ger oss ocks\u00e5 m\u00f6jlighet att umg\u00e5s med v\u00e4nner och familj, skapa minnen och st\u00e4rka banden mellan oss. Dessutom \u00e4r spel utmanande och stimulerande, vilket hj\u00e4lper till att h\u00e5lla v\u00e5ra hj\u00e4rnor aktiva och skarpa. Genom att kr\u00e4va strategiskt t\u00e4nkande, probleml\u00f6sning och snabba beslut kan spel \u00e4ven hj\u00e4lpa oss att utveckla viktiga f\u00e4rdigheter som samarbete, t\u00e5lamod och uth\u00e5llighet. Och med den enorma m\u00e5ngfalden av speltyper och genrer finns det alltid n\u00e5got som passar alla smaker och intressen. Slutligen \u00e4r spel en k\u00e4lla till kreativitet och fantasi, d\u00e4r vi kan utforska nya v\u00e4rldar och uppleva fantastiska \u00e4ventyr. Sammanfattningsvis \u00e4r spel en oumb\u00e4rlig del av v\u00e5ra liv som ger oss gl\u00e4dje, gemenskap och utveckling.<\/p>\n\n\n\n<h2 class=\"wp-block-heading has-text-align-center\">VARF\u00d6R VI \u00c4LSKAR COOKIES<\/h2>\n\n\n\n<p class=\"has-text-align-center\">Vi \u00e4lskar cookies f\u00f6r deras f\u00f6rm\u00e5ga att g\u00f6ra v\u00e5r webbupplevelse mer personlig och effektiv. Genom att spara anv\u00e4ndardata kan cookies anpassa och skr\u00e4ddarsy webbplatser efter v\u00e5ra preferenser och beteenden, vilket g\u00f6r det l\u00e4ttare att hitta det vi s\u00f6ker och f\u00f6rb\u00e4ttra v\u00e5r anv\u00e4ndarupplevelse. Dessutom underl\u00e4ttar cookies inloggning och autentisering, vilket sparar tid och ger bekv\u00e4mlighet n\u00e4r vi anv\u00e4nder olika webbtj\u00e4nster och plattformar. Genom att samla in anonym statistik kan cookies ocks\u00e5 hj\u00e4lpa till att f\u00f6rb\u00e4ttra webbplatser genom att ge insikter om hur de anv\u00e4nds och vilka omr\u00e5den som beh\u00f6ver utvecklas. Trots att de ibland kan v\u00e4cka integritetsfr\u00e5gor, \u00e4r internet cookies en viktig del av den moderna webbupplevelsen och hj\u00e4lper oss att navigera och dra nytta av den enorma m\u00e4ngd information och tj\u00e4nster som internet har att erbjuda.&#8217;<\/p>\n\n\n\n<div class=\"wp-block-cover alignfull is-light\" style=\"min-height:541px;aspect-ratio:unset;\"><span aria-hidden=\"true\" class=\"wp-block-cover__background has-background-dim\"><\/span><img loading=\"lazy\" decoding=\"async\" width=\"1024\" height=\"1024\" class=\"wp-block-cover__image-background wp-image-126\" alt=\"\" src=\"https:\/\/cookieplay.eu\/wp-content\/uploads\/2024\/04\/8ae1ea50-8c69-4ebb-a6fe-4513f3953d58.jpeg\" style=\"object-position:51% 76%\" data-object-fit=\"cover\" data-object-position=\"51% 76%\" srcset=\"https:\/\/cookieplay.eu\/wp-content\/uploads\/2024\/04\/8ae1ea50-8c69-4ebb-a6fe-4513f3953d58.jpeg 1024w, https:\/\/cookieplay.eu\/wp-content\/uploads\/2024\/04\/8ae1ea50-8c69-4ebb-a6fe-4513f3953d58-300x300.jpeg 300w, https:\/\/cookieplay.eu\/wp-content\/uploads\/2024\/04\/8ae1ea50-8c69-4ebb-a6fe-4513f3953d58-150x150.jpeg 150w, https:\/\/cookieplay.eu\/wp-content\/uploads\/2024\/04\/8ae1ea50-8c69-4ebb-a6fe-4513f3953d58-768x768.jpeg 768w\" sizes=\"auto, (max-width: 1024px) 100vw, 1024px\" \/><div class=\"wp-block-cover__inner-container is-layout-constrained wp-block-cover-is-layout-constrained\">\n<h2 class=\"wp-block-heading has-text-align-center has-nv-light-bg-color has-text-color has-link-color has-large-font-size wp-elements-3d01189eeed6465e76efde72ff1f6352\">XBOX ELLER PS5?<\/h2>\n\n\n\n<p class=\"has-text-align-center has-nv-site-bg-color has-text-color has-link-color wp-elements-e33f83fa1ce4bc4103c2e2ef715326d1\">Vilken spelkonsoll \u00e4r b\u00e4st? Det finns m\u00e5nga starka \u00e5sikter om vilken som \u00e4r b\u00e4st av XBOX &amp; PS5? Vi p\u00e5 cookeplay tycker det hade varit intressant att veta vad DU tycker. Skriv en kommentar nedan! <\/p>\n<\/div><\/div>\n","protected":false},"excerpt":{"rendered":"<p>VI \u00c4LSKAR COOKIES V\u00e4lkommen till cookieplay! Hos oss kan du utforska en sp\u00e4nnande mix av cookies, bordspel och onlinespel. Oavsett om du \u00e4r en erfaren spelare eller nyb\u00f6rjare, har vi n\u00e5got f\u00f6r dig. V\u00e5r v\u00e4rld av spel Utforska v\u00e5rt brett utbud av spel, fr\u00e5n klassiska bordspel till de senaste nyheterna inom gamingv\u00e4rlden. Det digitala universumet&hellip;&nbsp;<a href=\"https:\/\/cookieplay.eu\/sv\/\" rel=\"bookmark\">L\u00e4s mer &raquo;<span class=\"screen-reader-text\">COOKIEPLAY.EU<\/span><\/a><\/p>\n","protected":false},"author":5,"featured_media":0,"parent":0,"menu_order":0,"comment_status":"open","ping_status":"closed","template":"","meta":{"neve_meta_sidebar":"","neve_meta_container":"","neve_meta_enable_content_width":"","neve_meta_content_width":0,"neve_meta_title_alignment":"","neve_meta_author_avatar":"","neve_post_elements_order":"","neve_meta_disable_header":"","neve_meta_disable_footer":"","neve_meta_disable_title":"","footnotes":""},"class_list":["post-9","page","type-page","status-publish","hentry"],"yoast_head":"<!-- This site is optimized with the Yoast SEO plugin v27.0 - https:\/\/yoast.com\/product\/yoast-seo-wordpress\/ -->\n<title>Cookieplay.eu - Starta h\u00e4r!<\/title>\n<meta name=\"description\" content=\"Allt om teknik, spel och internet. Mest och b\u00e4st p\u00e5 cookieplay.eu!\" \/>\n<meta name=\"robots\" content=\"index, follow, max-snippet:-1, max-image-preview:large, max-video-preview:-1\" \/>\n<link rel=\"canonical\" href=\"https:\/\/cookieplay.eu\/sv\/\" \/>\n<meta property=\"og:locale\" content=\"sv_SE\" \/>\n<meta property=\"og:type\" content=\"article\" \/>\n<meta property=\"og:title\" content=\"Cookieplay.eu - Starta h\u00e4r!\" \/>\n<meta property=\"og:description\" content=\"Allt om teknik, spel och internet. Mest och b\u00e4st p\u00e5 cookieplay.eu!\" \/>\n<meta property=\"og:url\" content=\"https:\/\/cookieplay.eu\/sv\/\" \/>\n<meta property=\"og:site_name\" content=\"Cookieplay.eu\" \/>\n<meta property=\"article:modified_time\" content=\"2024-04-03T07:14:36+00:00\" \/>\n<meta property=\"og:image\" content=\"https:\/\/cookieplay.eu\/wp-content\/uploads\/2024\/04\/76ff9477-9a26-4caa-a0d4-334730096252.jpeg\" \/>\n<meta name=\"twitter:card\" content=\"summary_large_image\" \/>\n<meta name=\"twitter:label1\" content=\"Ber\u00e4knad l\u00e4stid\" \/>\n\t<meta name=\"twitter:data1\" content=\"4 minuter\" \/>\n<script type=\"application\/ld+json\" class=\"yoast-schema-graph\">{\"@context\":\"https:\/\/schema.org\",\"@graph\":[{\"@type\":\"WebPage\",\"@id\":\"https:\/\/cookieplay.eu\/sv\/\",\"url\":\"https:\/\/cookieplay.eu\/sv\/\",\"name\":\"Cookieplay.eu - Starta h\u00e4r!\",\"isPartOf\":{\"@id\":\"https:\/\/cookieplay.eu\/sv\/#website\"},\"primaryImageOfPage\":{\"@id\":\"https:\/\/cookieplay.eu\/sv\/#primaryimage\"},\"image\":{\"@id\":\"https:\/\/cookieplay.eu\/sv\/#primaryimage\"},\"thumbnailUrl\":\"https:\/\/cookieplay.eu\/wp-content\/uploads\/2024\/04\/76ff9477-9a26-4caa-a0d4-334730096252.jpeg\",\"datePublished\":\"2023-02-07T07:18:33+00:00\",\"dateModified\":\"2024-04-03T07:14:36+00:00\",\"description\":\"Allt om teknik, spel och internet. Mest och b\u00e4st p\u00e5 cookieplay.eu!\",\"breadcrumb\":{\"@id\":\"https:\/\/cookieplay.eu\/sv\/#breadcrumb\"},\"inLanguage\":\"sv-SE\",\"potentialAction\":[{\"@type\":\"ReadAction\",\"target\":[\"https:\/\/cookieplay.eu\/sv\/\"]}]},{\"@type\":\"ImageObject\",\"inLanguage\":\"sv-SE\",\"@id\":\"https:\/\/cookieplay.eu\/sv\/#primaryimage\",\"url\":\"https:\/\/cookieplay.eu\/wp-content\/uploads\/2024\/04\/76ff9477-9a26-4caa-a0d4-334730096252.jpeg\",\"contentUrl\":\"https:\/\/cookieplay.eu\/wp-content\/uploads\/2024\/04\/76ff9477-9a26-4caa-a0d4-334730096252.jpeg\"},{\"@type\":\"BreadcrumbList\",\"@id\":\"https:\/\/cookieplay.eu\/sv\/#breadcrumb\",\"itemListElement\":[{\"@type\":\"ListItem\",\"position\":1,\"name\":\"Cookieplay\",\"item\":\"https:\/\/cookieplay.eu\/sv\/\"},{\"@type\":\"ListItem\",\"position\":2,\"name\":\"COOKIEPLAY.EU\"}]},{\"@type\":\"WebSite\",\"@id\":\"https:\/\/cookieplay.eu\/sv\/#website\",\"url\":\"https:\/\/cookieplay.eu\/sv\/\",\"name\":\"Cookieplay.eu\",\"description\":\"\",\"potentialAction\":[{\"@type\":\"SearchAction\",\"target\":{\"@type\":\"EntryPoint\",\"urlTemplate\":\"https:\/\/cookieplay.eu\/sv\/?s={search_term_string}\"},\"query-input\":{\"@type\":\"PropertyValueSpecification\",\"valueRequired\":true,\"valueName\":\"search_term_string\"}}],\"inLanguage\":\"sv-SE\"}]}<\/script>\n<!-- \/ Yoast SEO plugin. -->","yoast_head_json":{"title":"Cookieplay.eu - Starta h\u00e4r!","description":"Allt om teknik, spel och internet. Mest och b\u00e4st p\u00e5 cookieplay.eu!","robots":{"index":"index","follow":"follow","max-snippet":"max-snippet:-1","max-image-preview":"max-image-preview:large","max-video-preview":"max-video-preview:-1"},"canonical":"https:\/\/cookieplay.eu\/sv\/","og_locale":"sv_SE","og_type":"article","og_title":"Cookieplay.eu - Starta h\u00e4r!","og_description":"Allt om teknik, spel och internet. Mest och b\u00e4st p\u00e5 cookieplay.eu!","og_url":"https:\/\/cookieplay.eu\/sv\/","og_site_name":"Cookieplay.eu","article_modified_time":"2024-04-03T07:14:36+00:00","og_image":[{"url":"https:\/\/cookieplay.eu\/wp-content\/uploads\/2024\/04\/76ff9477-9a26-4caa-a0d4-334730096252.jpeg","type":"","width":"","height":""}],"twitter_card":"summary_large_image","twitter_misc":{"Ber\u00e4knad l\u00e4stid":"4 minuter"},"schema":{"@context":"https:\/\/schema.org","@graph":[{"@type":"WebPage","@id":"https:\/\/cookieplay.eu\/sv\/","url":"https:\/\/cookieplay.eu\/sv\/","name":"Cookieplay.eu - Starta h\u00e4r!","isPartOf":{"@id":"https:\/\/cookieplay.eu\/sv\/#website"},"primaryImageOfPage":{"@id":"https:\/\/cookieplay.eu\/sv\/#primaryimage"},"image":{"@id":"https:\/\/cookieplay.eu\/sv\/#primaryimage"},"thumbnailUrl":"https:\/\/cookieplay.eu\/wp-content\/uploads\/2024\/04\/76ff9477-9a26-4caa-a0d4-334730096252.jpeg","datePublished":"2023-02-07T07:18:33+00:00","dateModified":"2024-04-03T07:14:36+00:00","description":"Allt om teknik, spel och internet. Mest och b\u00e4st p\u00e5 cookieplay.eu!","breadcrumb":{"@id":"https:\/\/cookieplay.eu\/sv\/#breadcrumb"},"inLanguage":"sv-SE","potentialAction":[{"@type":"ReadAction","target":["https:\/\/cookieplay.eu\/sv\/"]}]},{"@type":"ImageObject","inLanguage":"sv-SE","@id":"https:\/\/cookieplay.eu\/sv\/#primaryimage","url":"https:\/\/cookieplay.eu\/wp-content\/uploads\/2024\/04\/76ff9477-9a26-4caa-a0d4-334730096252.jpeg","contentUrl":"https:\/\/cookieplay.eu\/wp-content\/uploads\/2024\/04\/76ff9477-9a26-4caa-a0d4-334730096252.jpeg"},{"@type":"BreadcrumbList","@id":"https:\/\/cookieplay.eu\/sv\/#breadcrumb","itemListElement":[{"@type":"ListItem","position":1,"name":"Cookieplay","item":"https:\/\/cookieplay.eu\/sv\/"},{"@type":"ListItem","position":2,"name":"COOKIEPLAY.EU"}]},{"@type":"WebSite","@id":"https:\/\/cookieplay.eu\/sv\/#website","url":"https:\/\/cookieplay.eu\/sv\/","name":"Cookieplay.eu","description":"","potentialAction":[{"@type":"SearchAction","target":{"@type":"EntryPoint","urlTemplate":"https:\/\/cookieplay.eu\/sv\/?s={search_term_string}"},"query-input":{"@type":"PropertyValueSpecification","valueRequired":true,"valueName":"search_term_string"}}],"inLanguage":"sv-SE"}]}},"_links":{"self":[{"href":"https:\/\/cookieplay.eu\/sv\/wp-json\/wp\/v2\/pages\/9","targetHints":{"allow":["GET"]}}],"collection":[{"href":"https:\/\/cookieplay.eu\/sv\/wp-json\/wp\/v2\/pages"}],"about":[{"href":"https:\/\/cookieplay.eu\/sv\/wp-json\/wp\/v2\/types\/page"}],"author":[{"embeddable":true,"href":"https:\/\/cookieplay.eu\/sv\/wp-json\/wp\/v2\/users\/5"}],"replies":[{"embeddable":true,"href":"https:\/\/cookieplay.eu\/sv\/wp-json\/wp\/v2\/comments?post=9"}],"version-history":[{"count":31,"href":"https:\/\/cookieplay.eu\/sv\/wp-json\/wp\/v2\/pages\/9\/revisions"}],"predecessor-version":[{"id":155,"href":"https:\/\/cookieplay.eu\/sv\/wp-json\/wp\/v2\/pages\/9\/revisions\/155"}],"wp:attachment":[{"href":"https:\/\/cookieplay.eu\/sv\/wp-json\/wp\/v2\/media?parent=9"}],"curies":[{"name":"wp","href":"https:\/\/api.w.org\/{rel}","templated":true}]}}