{"id":176,"date":"2023-02-07T07:18:33","date_gmt":"2023-02-07T07:18:33","guid":{"rendered":"https:\/\/cookieplay.eu\/cookieplay-eu-2\/"},"modified":"2025-03-24T08:23:58","modified_gmt":"2025-03-24T08:23:58","slug":"cookieplay-eu-2","status":"publish","type":"page","link":"https:\/\/cookieplay.eu\/fi\/","title":{"rendered":"COOKIEPLAY.EU"},"content":{"rendered":"\n<div class=\"wp-block-cover alignfull\" style=\"min-height:761px;aspect-ratio:unset;\"><span aria-hidden=\"true\" class=\"wp-block-cover__background has-nv-dark-bg-background-color has-background-dim\"><\/span><img loading=\"lazy\" decoding=\"async\" width=\"1024\" height=\"1024\" class=\"wp-block-cover__image-background wp-image-58\" alt=\"halo mario och andra spelkarakt\u00e4rer\" src=\"https:\/\/cookieplay.eu\/wp-content\/uploads\/2024\/04\/76ff9477-9a26-4caa-a0d4-334730096252.jpeg\" style=\"object-position:52% 0%\" data-object-fit=\"cover\" data-object-position=\"52% 0%\" srcset=\"https:\/\/cookieplay.eu\/wp-content\/uploads\/2024\/04\/76ff9477-9a26-4caa-a0d4-334730096252.jpeg 1024w, https:\/\/cookieplay.eu\/wp-content\/uploads\/2024\/04\/76ff9477-9a26-4caa-a0d4-334730096252-300x300.jpeg 300w, https:\/\/cookieplay.eu\/wp-content\/uploads\/2024\/04\/76ff9477-9a26-4caa-a0d4-334730096252-150x150.jpeg 150w, https:\/\/cookieplay.eu\/wp-content\/uploads\/2024\/04\/76ff9477-9a26-4caa-a0d4-334730096252-768x768.jpeg 768w\" sizes=\"auto, (max-width: 1024px) 100vw, 1024px\" \/><div class=\"wp-block-cover__inner-container is-layout-constrained wp-block-cover-is-layout-constrained\">\n<h2 class=\"wp-block-heading has-text-align-center has-nv-text-dark-bg-color has-text-color has-link-color has-large-font-size wp-elements-189d169b8319e32d7bb2ae120f98f517\">KAIKKI ALKAA T\u00c4ST\u00c4!<\/h2>\n\n\n\n<p class=\"has-text-align-center has-nv-light-bg-color has-text-color has-link-color wp-elements-e3535c552593677ef9a87e8dc0b60c8e\"><em>Liity kanssamme matkalle Internetin ev\u00e4steiden l\u00e4pi.<\/em><\/p>\n<\/div><\/div>\n\n\n\n<h2 class=\"wp-block-heading has-text-align-center\">ME RAKASTAMME EV\u00c4STEIT\u00c4<\/h2>\n\n\n\n<p class=\"has-text-align-center\">Tervetuloa Cookieplayhyn! Tutki kanssamme j\u00e4nnitt\u00e4v\u00e4\u00e4 yhdistelm\u00e4\u00e4 ev\u00e4steit\u00e4, lautapelej\u00e4 ja verkkopelej\u00e4. Olitpa kokenut pelaaja tai aloittelija, meill\u00e4 on sinulle jotakin.<\/p>\n\n\n\n<div class=\"wp-block-columns alignwide is-layout-flex wp-container-core-columns-is-layout-9d6595d7 wp-block-columns-is-layout-flex\">\n<div class=\"wp-block-column is-layout-flow wp-block-column-is-layout-flow\" style=\"flex-basis:1200px\">\n<div class=\"wp-block-columns is-layout-flex wp-container-core-columns-is-layout-9d6595d7 wp-block-columns-is-layout-flex\">\n<div class=\"wp-block-column is-layout-flow wp-block-column-is-layout-flow\">\n<figure class=\"wp-block-image size-full\"><img loading=\"lazy\" decoding=\"async\" width=\"1024\" height=\"1024\" src=\"https:\/\/cookieplay.eu\/wp-content\/uploads\/2024\/04\/6140fade-9193-4585-9e4c-8ac3102c6617.jpeg\" alt=\"spelkarakt\u00e4rer\" class=\"wp-image-67\" srcset=\"https:\/\/cookieplay.eu\/wp-content\/uploads\/2024\/04\/6140fade-9193-4585-9e4c-8ac3102c6617.jpeg 1024w, https:\/\/cookieplay.eu\/wp-content\/uploads\/2024\/04\/6140fade-9193-4585-9e4c-8ac3102c6617-300x300.jpeg 300w, https:\/\/cookieplay.eu\/wp-content\/uploads\/2024\/04\/6140fade-9193-4585-9e4c-8ac3102c6617-150x150.jpeg 150w, https:\/\/cookieplay.eu\/wp-content\/uploads\/2024\/04\/6140fade-9193-4585-9e4c-8ac3102c6617-768x768.jpeg 768w\" sizes=\"auto, (max-width: 1024px) 100vw, 1024px\" \/><\/figure>\n\n\n\n<h3 class=\"wp-block-heading\">Pelimaailmamme<\/h3>\n\n\n\n<p>Tutustu laajaan pelivalikoimaamme klassisista lautapeleist\u00e4 pelimaailman uusimpiin innovaatioihin.<\/p>\n\n\n\n<div class=\"wp-block-buttons is-layout-flex wp-block-buttons-is-layout-flex\">\n<div class=\"wp-block-button is-style-primary\"><a class=\"wp-block-button__link has-nv-c-1-background-color has-background wp-element-button\">Lue lis\u00e4\u00e4 peleist\u00e4<\/a><\/div>\n<\/div>\n\n\n\n<div style=\"height:30px\" aria-hidden=\"true\" class=\"wp-block-spacer\"><\/div>\n<\/div>\n\n\n\n<div class=\"wp-block-column is-layout-flow wp-block-column-is-layout-flow\">\n<figure class=\"wp-block-image size-full\"><img loading=\"lazy\" decoding=\"async\" width=\"1024\" height=\"1024\" src=\"https:\/\/cookieplay.eu\/wp-content\/uploads\/2024\/04\/f3a7d888-2b6b-42a6-af03-42e56596827b.jpeg\" alt=\"ett digitalt universum\" class=\"wp-image-71\" srcset=\"https:\/\/cookieplay.eu\/wp-content\/uploads\/2024\/04\/f3a7d888-2b6b-42a6-af03-42e56596827b.jpeg 1024w, https:\/\/cookieplay.eu\/wp-content\/uploads\/2024\/04\/f3a7d888-2b6b-42a6-af03-42e56596827b-300x300.jpeg 300w, https:\/\/cookieplay.eu\/wp-content\/uploads\/2024\/04\/f3a7d888-2b6b-42a6-af03-42e56596827b-150x150.jpeg 150w, https:\/\/cookieplay.eu\/wp-content\/uploads\/2024\/04\/f3a7d888-2b6b-42a6-af03-42e56596827b-768x768.jpeg 768w\" sizes=\"auto, (max-width: 1024px) 100vw, 1024px\" \/><\/figure>\n\n\n\n<h3 class=\"wp-block-heading\">Digitaalinen universumi<\/h3>\n\n\n\n<p>Tutustu digitaaliseen universumiin ja inspiroidu viimeisimmist\u00e4 trendeist\u00e4 ja innovaatioista.<\/p>\n\n\n\n<div class=\"wp-block-buttons is-layout-flex wp-block-buttons-is-layout-flex\">\n<div class=\"wp-block-button is-style-primary\"><a class=\"wp-block-button__link has-nv-c-1-background-color has-background wp-element-button\">Lue lis\u00e4\u00e4 internetist\u00e4<\/a><\/div>\n<\/div>\n\n\n\n<div style=\"height:30px\" aria-hidden=\"true\" class=\"wp-block-spacer\"><\/div>\n<\/div>\n\n\n\n<div class=\"wp-block-column is-layout-flow wp-block-column-is-layout-flow\">\n<figure class=\"wp-block-image size-full\"><img loading=\"lazy\" decoding=\"async\" width=\"1024\" height=\"1024\" src=\"https:\/\/cookieplay.eu\/wp-content\/uploads\/2024\/04\/d61357dd-277d-4c2e-b4b5-bc71c5a1b070.jpeg\" alt=\"cookies\" class=\"wp-image-75\" srcset=\"https:\/\/cookieplay.eu\/wp-content\/uploads\/2024\/04\/d61357dd-277d-4c2e-b4b5-bc71c5a1b070.jpeg 1024w, https:\/\/cookieplay.eu\/wp-content\/uploads\/2024\/04\/d61357dd-277d-4c2e-b4b5-bc71c5a1b070-300x300.jpeg 300w, https:\/\/cookieplay.eu\/wp-content\/uploads\/2024\/04\/d61357dd-277d-4c2e-b4b5-bc71c5a1b070-150x150.jpeg 150w, https:\/\/cookieplay.eu\/wp-content\/uploads\/2024\/04\/d61357dd-277d-4c2e-b4b5-bc71c5a1b070-768x768.jpeg 768w\" sizes=\"auto, (max-width: 1024px) 100vw, 1024px\" \/><\/figure>\n\n\n\n<h3 class=\"wp-block-heading\">Ev\u00e4steet<\/h3>\n\n\n\n<p>Makea maailma odottaa sinua! T\u00e4\u00e4lt\u00e4 l\u00f6yd\u00e4t kaiken, mit\u00e4 sinun tarvitsee tiet\u00e4\u00e4 ev\u00e4steist\u00e4 ja niiden roolista internetiss\u00e4.<\/p>\n\n\n\n<div class=\"wp-block-buttons is-layout-flex wp-block-buttons-is-layout-flex\">\n<div class=\"wp-block-button is-style-primary\"><a class=\"wp-block-button__link has-nv-c-1-background-color has-background wp-element-button\">Lue lis\u00e4\u00e4 ev\u00e4steist\u00e4<\/a><\/div>\n<\/div>\n\n\n\n<div style=\"height:30px\" aria-hidden=\"true\" class=\"wp-block-spacer\"><\/div>\n<\/div>\n<\/div>\n<\/div>\n<\/div>\n\n\n\n<h2 class=\"wp-block-heading has-text-align-center\">MIKSI RAKASTAMME INTERNETI\u00c4?<\/h2>\n\n\n\n<p class=\"has-text-align-center\">Rakastamme interneti\u00e4 sen laajojen ja loputtomien mahdollisuuksien vuoksi. Se tarjoaa p\u00e4\u00e4syn tiedon maailmaan, jossa voimme oppia hetkess\u00e4 kaiken historiasta tieteeseen. Esimerkiksi jos olet kiinnostunut pituuden mittaamisesta ja muista aiheista, kannattaa tutustua <a href=\"https:\/\/pituus.net\/\" target=\"_blank\" rel=\"noreferrer noopener\">pituus.net<\/a>, joka tarjoaa hy\u00f6dyllist\u00e4 tietoa eri mittaustekniikoista.<\/p>\n\n\n\n<p>Internet parantaa suhteitamme antamalla meille mahdollisuuden kommunikoida yst\u00e4vien ja perheen kanssa ymp\u00e4ri maailmaa helposti. Sen sosiaalisten alustojen avulla voimme jakaa ajatuksia, ideoita ja kokemuksia. Jos taas etsit uusia ideoita ja reseptej\u00e4 juhlahetkiin, <a href=\"https:\/\/drinkkireseptit.com\/\" target=\"_blank\" rel=\"noreferrer noopener\">drinkkireseptit.com<\/a> on loistava paikka l\u00f6yt\u00e4\u00e4 inspiroivia drinkkireseptej\u00e4, jotka viev\u00e4t kokkaus- ja juomailuhetkesi uudelle tasolle.<\/p>\n\n\n\n<p class=\"has-text-align-center\">Lis\u00e4ksi internet on viihteen l\u00e4hde, tarjoten kaikkea peleist\u00e4 ja elokuvista musiikkiin ja kirjoihin.<\/p>\n\n\n\n<p class=\"has-text-align-center\">Internet on t\u00e4rke\u00e4 resurssi liiketoiminnalle, mik\u00e4 mahdollistaa joustavuuden ja innovaation globaalissa taloudessa. Rakastamme interneti\u00e4 sen kyvyst\u00e4 muuttaa ja parantaa el\u00e4m\u00e4\u00e4mme monin tavoin ja sen mahdollisuudesta jatkaa niin my\u00f6s tulevaisuudessa.<\/p>\n\n\n\n<h2 class=\"wp-block-heading has-text-align-center\">MIKSI RAKASTAMME PELEJ\u00c4?<\/h2>\n\n\n\n<p class=\"has-text-align-center\">Rakastamme pelej\u00e4 monista syist\u00e4. Ne tarjoavat j\u00e4nnitt\u00e4v\u00e4n ja nautinnollisen viihteen muodon, jonka avulla voimme paeta arjen stressi\u00e4 ja huolia. Pelit tarjoavat meille my\u00f6s mahdollisuuden seurustella yst\u00e4vien ja perheen kanssa, luoda muistoja ja vahvistaa ihmisten v\u00e4lisi\u00e4 siteit\u00e4. Lis\u00e4ksi pelit ovat haastavia ja stimuloivia, ja ne auttavat pit\u00e4m\u00e4\u00e4n mielemme aktiivisena.<\/p>\n\n\n\n<p class=\"has-text-align-center\">Koska pelit vaativat strategista ajattelua, ongelmanratkaisukyky\u00e4 ja nopeaa p\u00e4\u00e4t\u00f6ksentekoa, ne voivat my\u00f6s auttaa meit\u00e4 kehitt\u00e4m\u00e4\u00e4n t\u00e4rkeit\u00e4 taitoja, kuten tiimity\u00f6skentely\u00e4, k\u00e4rsiv\u00e4llisyytt\u00e4 ja sinnikkyytt\u00e4. Pelityyppien ja genrejen valtavan monimuotoisuuden ansiosta l\u00f6ytyy aina jotain jokaiseen makuun ja kiinnostuksen kohteeksi.<\/p>\n\n\n\n<p class=\"has-text-align-center\">Pelit ovat luovuuden ja mielikuvituksen l\u00e4hde, joissa voimme tutkia uusia maailmoja ja kokea upeita seikkailuja. Ne ovat v\u00e4ltt\u00e4m\u00e4t\u00f6n osa el\u00e4m\u00e4\u00e4mme, jotka tuovat meille iloa, yhteis\u00f6llisyytt\u00e4 ja kasvua.<\/p>\n\n\n\n<h2 class=\"wp-block-heading has-text-align-center\">MIKSI RAKASTAMME EV\u00c4STEIT\u00c4?<\/h2>\n\n\n\n<p class=\"has-text-align-center\">Rakastamme ev\u00e4steit\u00e4, koska ne voivat tehd\u00e4 verkkokokemuksestamme yksil\u00f6llisemm\u00e4n ja tehokkaamman. K\u00e4ytt\u00e4j\u00e4tietoja tallentamalla ev\u00e4steet voivat mukauttaa ja r\u00e4\u00e4t\u00e4l\u00f6id\u00e4 verkkosivustoja mieltymystemme ja k\u00e4ytt\u00e4ytymisemme mukaan, mik\u00e4 helpottaa etsim\u00e4mme l\u00f6yt\u00e4mist\u00e4 ja parantaa k\u00e4ytt\u00f6kokemustamme.<\/p>\n\n\n\n<p class=\"has-text-align-center\">Ev\u00e4steet helpottavat kirjautumista ja todennusta, s\u00e4\u00e4st\u00e4v\u00e4t aikaa ja tarjoavat k\u00e4ytt\u00f6mukavuutta erilaisten verkkopalveluiden ja alustojen k\u00e4yt\u00f6ss\u00e4. Ker\u00e4\u00e4m\u00e4ll\u00e4 anonyymej\u00e4 tilastoja ev\u00e4steet voivat my\u00f6s auttaa parantamaan verkkosivustoja tarjoamalla n\u00e4kemyksi\u00e4 siit\u00e4, miten niit\u00e4 k\u00e4ytet\u00e4\u00e4n ja mitk\u00e4 alueet tarvitsevat kehitt\u00e4mist\u00e4.<\/p>\n\n\n\n<p class=\"has-text-align-center\">Vaikka ne saattavat aiheuttaa tietosuojaongelmia, ev\u00e4steet ovat olennainen osa nykyaikaista verkkokokemusta ja auttavat meit\u00e4 navigoimaan ja hy\u00f6dynt\u00e4m\u00e4\u00e4n internetin tarjoamaa valtavaa m\u00e4\u00e4r\u00e4\u00e4 tietoa ja palveluita.<\/p>\n\n\n\n<p><\/p>\n\n\n\n<div class=\"wp-block-cover alignfull\" style=\"min-height:512px;aspect-ratio:unset;\"><span aria-hidden=\"true\" class=\"wp-block-cover__background has-background-dim\"><\/span><img loading=\"lazy\" decoding=\"async\" width=\"1024\" height=\"1024\" class=\"wp-block-cover__image-background wp-image-127\" alt=\"xbox vs ps5\" src=\"https:\/\/cookieplay.eu\/wp-content\/uploads\/2024\/04\/8ae1ea50-8c69-4ebb-a6fe-4513f3953d58.jpeg\" style=\"object-position:53% 78%\" data-object-fit=\"cover\" data-object-position=\"53% 78%\" srcset=\"https:\/\/cookieplay.eu\/wp-content\/uploads\/2024\/04\/8ae1ea50-8c69-4ebb-a6fe-4513f3953d58.jpeg 1024w, https:\/\/cookieplay.eu\/wp-content\/uploads\/2024\/04\/8ae1ea50-8c69-4ebb-a6fe-4513f3953d58-300x300.jpeg 300w, https:\/\/cookieplay.eu\/wp-content\/uploads\/2024\/04\/8ae1ea50-8c69-4ebb-a6fe-4513f3953d58-150x150.jpeg 150w, https:\/\/cookieplay.eu\/wp-content\/uploads\/2024\/04\/8ae1ea50-8c69-4ebb-a6fe-4513f3953d58-768x768.jpeg 768w\" sizes=\"auto, (max-width: 1024px) 100vw, 1024px\" \/><div class=\"wp-block-cover__inner-container is-layout-constrained wp-block-cover-is-layout-constrained\">\n<h2 class=\"wp-block-heading has-text-align-center has-nv-site-bg-color has-text-color has-link-color wp-elements-447456863d3d24c60f52622dc1d7b8e0\">XBOX vai PS5?<\/h2>\n\n\n\n<p class=\"has-text-align-center has-nv-site-bg-color has-text-color has-link-color wp-elements-42012202f11789d0c614ee8a6de83a82\">Mik\u00e4 pelikonsoli on paras? On vahvoja mielipiteit\u00e4 siit\u00e4, kumpi on parempi, Xbox vai PS5? Olemme kiinnostuneita siit\u00e4, mit\u00e4 sin\u00e4 ajattelet. Kirjoita kommentti alle!<\/p>\n<\/div><\/div>\n","protected":false},"excerpt":{"rendered":"<p>ME RAKASTAMME EV\u00c4STEIT\u00c4 Tervetuloa Cookieplayhyn! Tutki kanssamme j\u00e4nnitt\u00e4v\u00e4\u00e4 yhdistelm\u00e4\u00e4 ev\u00e4steit\u00e4, lautapelej\u00e4 ja verkkopelej\u00e4. Olitpa kokenut pelaaja tai aloittelija, meill\u00e4 on sinulle jotakin. Pelimaailmamme Tutustu laajaan pelivalikoimaamme klassisista lautapeleist\u00e4 pelimaailman uusimpiin innovaatioihin. Digitaalinen universumi Tutustu digitaaliseen universumiin ja inspiroidu viimeisimmist\u00e4 trendeist\u00e4 ja innovaatioista. Ev\u00e4steet Makea maailma odottaa sinua! T\u00e4\u00e4lt\u00e4 l\u00f6yd\u00e4t kaiken, mit\u00e4 sinun tarvitsee tiet\u00e4\u00e4 ev\u00e4steist\u00e4&hellip;&nbsp;<a href=\"https:\/\/cookieplay.eu\/fi\/\" rel=\"bookmark\">Lue lis\u00e4\u00e4 &raquo;<span class=\"screen-reader-text\">COOKIEPLAY.EU<\/span><\/a><\/p>\n","protected":false},"author":4,"featured_media":0,"parent":0,"menu_order":0,"comment_status":"open","ping_status":"closed","template":"","meta":{"neve_meta_sidebar":"","neve_meta_container":"","neve_meta_enable_content_width":"","neve_meta_content_width":0,"neve_meta_title_alignment":"","neve_meta_author_avatar":"","neve_post_elements_order":"","neve_meta_disable_header":"","neve_meta_disable_footer":"","neve_meta_disable_title":"","footnotes":""},"class_list":["post-176","page","type-page","status-publish","hentry"],"yoast_head":"<!-- This site is optimized with the Yoast SEO plugin v27.0 - https:\/\/yoast.com\/product\/yoast-seo-wordpress\/ -->\n<title>Cookieplay.eu \u2012 KAIKKI ALKAA T\u00c4ST\u00c4! Me rakastamme ev\u00e4steit\u00e4<\/title>\n<meta name=\"description\" content=\"Sivuiltamme l\u00f6yd\u00e4t kaiken tarvittavan tiedon erilaisista peleist\u00e4, lautapeleist\u00e4 ja ev\u00e4steist\u00e4. Digitaalinen universumi on mielenkiintoinen paikka. Lue lis\u00e4\u00e4.\" \/>\n<meta name=\"robots\" content=\"index, follow, max-snippet:-1, max-image-preview:large, max-video-preview:-1\" \/>\n<link rel=\"canonical\" href=\"https:\/\/cookieplay.eu\/fi\/\" \/>\n<meta property=\"og:locale\" content=\"fi_FI\" \/>\n<meta property=\"og:type\" content=\"article\" \/>\n<meta property=\"og:title\" content=\"Cookieplay.eu \u2012 KAIKKI ALKAA T\u00c4ST\u00c4! Me rakastamme ev\u00e4steit\u00e4\" \/>\n<meta property=\"og:description\" content=\"Sivuiltamme l\u00f6yd\u00e4t kaiken tarvittavan tiedon erilaisista peleist\u00e4, lautapeleist\u00e4 ja ev\u00e4steist\u00e4. Digitaalinen universumi on mielenkiintoinen paikka. Lue lis\u00e4\u00e4.\" \/>\n<meta property=\"og:url\" content=\"https:\/\/cookieplay.eu\/fi\/\" \/>\n<meta property=\"og:site_name\" content=\"Cookieplay.eu\" \/>\n<meta property=\"article:modified_time\" content=\"2025-03-24T08:23:58+00:00\" \/>\n<meta property=\"og:image\" content=\"https:\/\/cookieplay.eu\/wp-content\/uploads\/2024\/04\/76ff9477-9a26-4caa-a0d4-334730096252.jpeg\" \/>\n\t<meta property=\"og:image:width\" content=\"1024\" \/>\n\t<meta property=\"og:image:height\" content=\"1024\" \/>\n\t<meta property=\"og:image:type\" content=\"image\/jpeg\" \/>\n<meta name=\"twitter:card\" content=\"summary_large_image\" \/>\n<meta name=\"twitter:label1\" content=\"Arvioitu lukuaika\" \/>\n\t<meta name=\"twitter:data1\" content=\"3 minuuttia\" \/>\n<script type=\"application\/ld+json\" class=\"yoast-schema-graph\">{\"@context\":\"https:\/\/schema.org\",\"@graph\":[{\"@type\":\"WebPage\",\"@id\":\"https:\/\/cookieplay.eu\/fi\/\",\"url\":\"https:\/\/cookieplay.eu\/fi\/\",\"name\":\"Cookieplay.eu \u2012 KAIKKI ALKAA T\u00c4ST\u00c4! Me rakastamme ev\u00e4steit\u00e4\",\"isPartOf\":{\"@id\":\"https:\/\/cookieplay.eu\/fi\/#website\"},\"primaryImageOfPage\":{\"@id\":\"https:\/\/cookieplay.eu\/fi\/#primaryimage\"},\"image\":{\"@id\":\"https:\/\/cookieplay.eu\/fi\/#primaryimage\"},\"thumbnailUrl\":\"https:\/\/cookieplay.eu\/wp-content\/uploads\/2024\/04\/76ff9477-9a26-4caa-a0d4-334730096252.jpeg\",\"datePublished\":\"2023-02-07T07:18:33+00:00\",\"dateModified\":\"2025-03-24T08:23:58+00:00\",\"description\":\"Sivuiltamme l\u00f6yd\u00e4t kaiken tarvittavan tiedon erilaisista peleist\u00e4, lautapeleist\u00e4 ja ev\u00e4steist\u00e4. Digitaalinen universumi on mielenkiintoinen paikka. Lue lis\u00e4\u00e4.\",\"breadcrumb\":{\"@id\":\"https:\/\/cookieplay.eu\/fi\/#breadcrumb\"},\"inLanguage\":\"fi\",\"potentialAction\":[{\"@type\":\"ReadAction\",\"target\":[\"https:\/\/cookieplay.eu\/fi\/\"]}]},{\"@type\":\"ImageObject\",\"inLanguage\":\"fi\",\"@id\":\"https:\/\/cookieplay.eu\/fi\/#primaryimage\",\"url\":\"https:\/\/cookieplay.eu\/wp-content\/uploads\/2024\/04\/76ff9477-9a26-4caa-a0d4-334730096252.jpeg\",\"contentUrl\":\"https:\/\/cookieplay.eu\/wp-content\/uploads\/2024\/04\/76ff9477-9a26-4caa-a0d4-334730096252.jpeg\"},{\"@type\":\"BreadcrumbList\",\"@id\":\"https:\/\/cookieplay.eu\/fi\/#breadcrumb\",\"itemListElement\":[{\"@type\":\"ListItem\",\"position\":1,\"name\":\"Cookieplay\",\"item\":\"https:\/\/cookieplay.eu\/fi\/\"},{\"@type\":\"ListItem\",\"position\":2,\"name\":\"COOKIEPLAY.EU\"}]},{\"@type\":\"WebSite\",\"@id\":\"https:\/\/cookieplay.eu\/fi\/#website\",\"url\":\"https:\/\/cookieplay.eu\/fi\/\",\"name\":\"Cookieplay.eu\",\"description\":\"\",\"potentialAction\":[{\"@type\":\"SearchAction\",\"target\":{\"@type\":\"EntryPoint\",\"urlTemplate\":\"https:\/\/cookieplay.eu\/fi\/?s={search_term_string}\"},\"query-input\":{\"@type\":\"PropertyValueSpecification\",\"valueRequired\":true,\"valueName\":\"search_term_string\"}}],\"inLanguage\":\"fi\"}]}<\/script>\n<!-- \/ Yoast SEO plugin. -->","yoast_head_json":{"title":"Cookieplay.eu \u2012 KAIKKI ALKAA T\u00c4ST\u00c4! Me rakastamme ev\u00e4steit\u00e4","description":"Sivuiltamme l\u00f6yd\u00e4t kaiken tarvittavan tiedon erilaisista peleist\u00e4, lautapeleist\u00e4 ja ev\u00e4steist\u00e4. Digitaalinen universumi on mielenkiintoinen paikka. Lue lis\u00e4\u00e4.","robots":{"index":"index","follow":"follow","max-snippet":"max-snippet:-1","max-image-preview":"max-image-preview:large","max-video-preview":"max-video-preview:-1"},"canonical":"https:\/\/cookieplay.eu\/fi\/","og_locale":"fi_FI","og_type":"article","og_title":"Cookieplay.eu \u2012 KAIKKI ALKAA T\u00c4ST\u00c4! Me rakastamme ev\u00e4steit\u00e4","og_description":"Sivuiltamme l\u00f6yd\u00e4t kaiken tarvittavan tiedon erilaisista peleist\u00e4, lautapeleist\u00e4 ja ev\u00e4steist\u00e4. Digitaalinen universumi on mielenkiintoinen paikka. Lue lis\u00e4\u00e4.","og_url":"https:\/\/cookieplay.eu\/fi\/","og_site_name":"Cookieplay.eu","article_modified_time":"2025-03-24T08:23:58+00:00","og_image":[{"width":1024,"height":1024,"url":"https:\/\/cookieplay.eu\/wp-content\/uploads\/2024\/04\/76ff9477-9a26-4caa-a0d4-334730096252.jpeg","type":"image\/jpeg"}],"twitter_card":"summary_large_image","twitter_misc":{"Arvioitu lukuaika":"3 minuuttia"},"schema":{"@context":"https:\/\/schema.org","@graph":[{"@type":"WebPage","@id":"https:\/\/cookieplay.eu\/fi\/","url":"https:\/\/cookieplay.eu\/fi\/","name":"Cookieplay.eu \u2012 KAIKKI ALKAA T\u00c4ST\u00c4! Me rakastamme ev\u00e4steit\u00e4","isPartOf":{"@id":"https:\/\/cookieplay.eu\/fi\/#website"},"primaryImageOfPage":{"@id":"https:\/\/cookieplay.eu\/fi\/#primaryimage"},"image":{"@id":"https:\/\/cookieplay.eu\/fi\/#primaryimage"},"thumbnailUrl":"https:\/\/cookieplay.eu\/wp-content\/uploads\/2024\/04\/76ff9477-9a26-4caa-a0d4-334730096252.jpeg","datePublished":"2023-02-07T07:18:33+00:00","dateModified":"2025-03-24T08:23:58+00:00","description":"Sivuiltamme l\u00f6yd\u00e4t kaiken tarvittavan tiedon erilaisista peleist\u00e4, lautapeleist\u00e4 ja ev\u00e4steist\u00e4. Digitaalinen universumi on mielenkiintoinen paikka. Lue lis\u00e4\u00e4.","breadcrumb":{"@id":"https:\/\/cookieplay.eu\/fi\/#breadcrumb"},"inLanguage":"fi","potentialAction":[{"@type":"ReadAction","target":["https:\/\/cookieplay.eu\/fi\/"]}]},{"@type":"ImageObject","inLanguage":"fi","@id":"https:\/\/cookieplay.eu\/fi\/#primaryimage","url":"https:\/\/cookieplay.eu\/wp-content\/uploads\/2024\/04\/76ff9477-9a26-4caa-a0d4-334730096252.jpeg","contentUrl":"https:\/\/cookieplay.eu\/wp-content\/uploads\/2024\/04\/76ff9477-9a26-4caa-a0d4-334730096252.jpeg"},{"@type":"BreadcrumbList","@id":"https:\/\/cookieplay.eu\/fi\/#breadcrumb","itemListElement":[{"@type":"ListItem","position":1,"name":"Cookieplay","item":"https:\/\/cookieplay.eu\/fi\/"},{"@type":"ListItem","position":2,"name":"COOKIEPLAY.EU"}]},{"@type":"WebSite","@id":"https:\/\/cookieplay.eu\/fi\/#website","url":"https:\/\/cookieplay.eu\/fi\/","name":"Cookieplay.eu","description":"","potentialAction":[{"@type":"SearchAction","target":{"@type":"EntryPoint","urlTemplate":"https:\/\/cookieplay.eu\/fi\/?s={search_term_string}"},"query-input":{"@type":"PropertyValueSpecification","valueRequired":true,"valueName":"search_term_string"}}],"inLanguage":"fi"}]}},"_links":{"self":[{"href":"https:\/\/cookieplay.eu\/fi\/wp-json\/wp\/v2\/pages\/176","targetHints":{"allow":["GET"]}}],"collection":[{"href":"https:\/\/cookieplay.eu\/fi\/wp-json\/wp\/v2\/pages"}],"about":[{"href":"https:\/\/cookieplay.eu\/fi\/wp-json\/wp\/v2\/types\/page"}],"author":[{"embeddable":true,"href":"https:\/\/cookieplay.eu\/fi\/wp-json\/wp\/v2\/users\/4"}],"replies":[{"embeddable":true,"href":"https:\/\/cookieplay.eu\/fi\/wp-json\/wp\/v2\/comments?post=176"}],"version-history":[{"count":3,"href":"https:\/\/cookieplay.eu\/fi\/wp-json\/wp\/v2\/pages\/176\/revisions"}],"predecessor-version":[{"id":277,"href":"https:\/\/cookieplay.eu\/fi\/wp-json\/wp\/v2\/pages\/176\/revisions\/277"}],"wp:attachment":[{"href":"https:\/\/cookieplay.eu\/fi\/wp-json\/wp\/v2\/media?parent=176"}],"curies":[{"name":"wp","href":"https:\/\/api.w.org\/{rel}","templated":true}]}}